{"id":8,"date":"2018-04-21T08:09:54","date_gmt":"2018-04-21T08:09:54","guid":{"rendered":"https:\/\/optimathemes.com\/savona-free\/demo\/?page_id=8"},"modified":"2022-06-10T14:58:03","modified_gmt":"2022-06-10T14:58:03","slug":"about","status":"publish","type":"page","link":"https:\/\/ciobanesc-corb.ro\/en\/about\/","title":{"rendered":"About the kennel"},"content":{"rendered":"<figure class=\"wp-block-video\"><video height=\"352\" style=\"aspect-ratio: 640 \/ 352;\" width=\"640\" autoplay muted src=\"https:\/\/ciobanesc-corb.ro\/wp-content\/uploads\/2021\/12\/WhatsApp-Video-2021-12-01-at-16.23.39.mp4\"><\/video><\/figure>\n\n\n<p>Our passion for the Romanian Raven Shepherd Dog started in May 2011, when in our yard and our family entered the first dog, B-Turcu, an imposing and devoted male, with a very well balanced temper. At that time we did not imagine that, within only few years, a sensational connection will be created between us and B-Turcu, a connection which will make us to love this native breed from all our hearts and to want to promote and to support it with all our resources, in order for the breed to become known and appreciated in Romania and also abroad.<\/p>\n<p>This breed conquered us not only with its absolutely beautiful and majestic appearance, but also with its character, calmness, devotion, its infinite love for the owner and the members of the family, its dignity, dependability and its way of being around us without demanding attention or being nervous or fussy but always being alert and eager to defend us of any possible danger. As the shepherds of the Carpathian Mountains say, the Raven is so valiant that it confronts the bear without any hesitation.<\/p>\n<p>One year after B-Turcu became a member of our family, we started to take him to dog shows, the first one being the Romanian Shepherd Dogs Championship in Predeal in 2012, afterwards we went to the Romanian Shepherd Dogs Championship in Predeal in 2013 and after that we constantly went to many of the dog shows organised by the county kennel clubs and under the auspices of the Romanian Kennel Club.<\/p>\n<p>In 2015 Jojo de Predeal joined us. She is a typical female of Romanian Raven Shepherd Dog, beautiful, proud and with a strong personality.<\/p>\n<p>After having Jojo we realised that we cannot stop there and that we want to breed this wonderful breed, therefore, in December 2017 De Tara Barsei Kennel was officially born, being registered by the Romanian Kennel Club and by the F\u00e9d\u00e9ration Cynologique Internationale (FCI) under the kennel affix \u201cDE TARA BARSEI\u201d. The name of the kennel has been inspired by its geographical location within the area of the historical region of \u021aara B\u00e2rsei, about 20 km from Bra\u0219ov, on the shores of the river Olt, in the Podu Oltului village, H\u0103rman commune, Bra\u0219ov county, Romania.<\/p>\n<p>De atunci, canisa a crescut \u0219i s-a dezvoltat organic, a devenit cunoscut\u0103 pe plan na\u021bional, mul\u021bi din c\u00e2nii n\u0103scu\u021bi \u0219i\/sau crescu\u021bi aici ajung\u00e2nd Campioni Europeni (E.W.), Campioni Rom\u00e2nia Junior (\u201eR.J.Ch.\u201d), Campioni Rom\u00e2nia (\u201eR.Ch.\u201d), Campioni Rom\u00e2nia cum Laudae (\u201eR.Ch.C.L.\u201d) \u0219i Campioni Rom\u00e2nia Veterani (\u201eR.V.Ch.\u201d).<\/p>\n<p>Moreover, starting with 2019 the dogs from De Tara Barsei Kennel have started to be known and appreciated abroad too, such as until today several dogs left to proudly represent their breed, becoming cherished members of families in Sweden and Poland and successfully participating in dog shows in their adopting countries.<\/p>\n<p>De Tara Barsei Kennel is a member of the COVASNA KENNEL CLUB (www.achcovasna.ro) and, subsequently, of the ROMANIAN KENNEL CLUB (www.achr.ro) and it is also a member of KLUB F\u00dcR S\u00dcD- UND OSTEUROP\u00c4ISCHE HIRTENHUNDE (KSOH) from Switzerland (http:\/\/www.hirtenhunde-schweiz.ch ). <a href=\"http:\/\/www.achcovasna.ro\">ASOCIA\u021aIEI CHINOLOGICE COVASNA<\/a> \u0219i, subsecvent, a <a href=\"http:\/\/www.ach.ro\">ASOCIA\u021aIEI CHINOLOGICE ROM\u00c2NE<\/a> \u0219i este, de asemenea, membr\u0103 a <a href=\"http:\/\/www.hirtenhunde-schweiz.ch\">KLUB F\u00dcR S\u00dcD- UND OSTEUROP\u00c4ISCHE HIRTENHUNDE (KSOH)<\/a> din Elve\u021bia.<\/p>\n<p>We intend to continue very responsibly our work of selection and breeding, to respect and to honour the standard of the breed Romanian Raven Shepherd Dog so as to contribute as much as possible to obtaining the final international recognition of this breed by the F\u00e9d\u00e9ration Cynologique Internationale (FCI) and to make known to as many people as possible the joy of having as faithful friend a Romanian Raven Shepherd Dog.<\/p>\n<p>If you want to find out detailed information about the Romanian Raven Shepherd Dog or to organize visits of the kennel, we gladly stay at your disposal. Feel free to contact us using the e-mail of our kennel: <a href=\"mailto:canisadetarabarsei@gmail.com\">canisadetarabarsei@gmail.com<\/a>\u00a0.<\/p>","protected":false},"excerpt":{"rendered":"<p>Pasiunea noastr\u0103 pentru Ciob\u0103nescul Rom\u00e2nesc Corb a \u00eenceput din Mai 2011, c\u00e2nd \u00een curtea \u0219i familia noastr\u0103 a venit primul exemplar, B-Turcu, un mascul impun\u0103tor, devotat, cu un temperament foarte echilibrat. La acel moment nu ne-am \u00eenchipuit c\u0103, \u00een doar c\u00e2\u021biva ani, \u00eentre noi \u0219i \u0219i B-Turcu se va crea o conexiune senza\u021bional\u0103, care ne va face s\u0103 iubim din tot sufletul aceast\u0103 ras\u0103 autohton\u0103, s\u0103 ne dorim s\u0103 o promov\u0103m \u0219i s\u0103 o sprijinim din toat\u0103 inima \u0219i cu toate resursele noastre, pentru a fi cunoscut\u0103 \u0219i apreciat\u0103 at\u00e2t \u00een Rom\u00e2nia, c\u00e2t \u0219i peste hotare. Aceast\u0103 ras\u0103 ne-a cucerit nu doar prin \u00eenf\u0103\u021bi\u0219area sa deosebit de frumoas\u0103 \u0219i maiestuoas\u0103, dar \u0219i prin caracterul, calmul, devotamentul, dragostea sa ne\u021b\u0103rmurit\u0103 fa\u021b\u0103 de st\u0103p\u00e2n \u0219i de membrii familiei, prin demnitatea \u0219i \u00eencrederea inspirate \u0219i prin felul s\u0103u de a fi \u00een preajma noastr\u0103, f\u0103r\u0103 a cere aten\u021bie \u0219i f\u0103r\u0103 a manifesta irascibilitate sau capriciozitate, dar c\u00e2inele fiind \u00eentotdeauna alert \u0219i dornic s\u0103 ne apere de orice pericol posibil. A\u0219a cum spun ciobanii din Mun\u021bii Carpa\u021bi, Corbul este \u00eentr-at\u00e2t de curajos \u00eenc\u00e2t se lupt\u0103 cu ursul f\u0103r\u0103 niciun preget. La un an de c\u00e2nd B-Turcu a devenit membru al familiei noastre, am \u00eenceput s\u0103 mergem cu el la expozi\u021bii, prima fiind Campionatul Ciob\u0103ne\u0219tilor Rom\u00e2ne\u0219ti de la Predeal din 2012, apoi am mers \u0219i la Campionatul Ciob\u0103ne\u0219tilor Rom\u00e2ne\u0219ti de la Predeal din 2013, dup\u0103 care am \u00eenceput s\u0103 mergem constant la multe dintre expozi\u021biile organizate de asocia\u021biile chinologice jude\u021bene \u0219i desf\u0103\u0219urate sub egida Asocia\u021biei Chinologice Rom\u00e2ne. \u00cen anul 2015 ni s-a al\u0103turat \u0219i Jojo de Predeal, o femel\u0103 tipic\u0103 de Ciob\u0103nesc Rom\u00e2nesc Corb, cu personalitate, frumoas\u0103 \u0219i m\u00e2ndr\u0103. Dup\u0103 Jojo ne-am dat seama c\u0103 nu ne putem opri aici \u0219i c\u0103 ne dorim s\u0103 cre\u0219tem aceast\u0103 ras\u0103 minunat\u0103, astfel \u00eenc\u00e2t, \u00een luna Decembrie 2017 a luat fiin\u021b\u0103, \u00een mod oficial, Canisa de \u021aara B\u00e2rsei, aceasta fiind \u00eenregistrat\u0103 de c\u0103tre Asocia\u021bia Chinologic\u0103 Rom\u00e2n\u0103 \u0219i de c\u0103tre Federa\u021bia Chinologic\u0103 Interna\u021bional\u0103 sub afixul de cresc\u0103tor \u201eDE TARA BARSEI\u201d. Numele canisei ne-a fost inspirat de localizarea sa geografic\u0103 \u00een zona istoric\u0103 a \u021a\u0103rii B\u00e2rsei, la circa 20 km de Bra\u0219ov, pe malul r\u00e2ului Olt, \u00een localitatea Podu Oltului, Com. H\u0103rman, jude\u021bul Bra\u0219ov, Rom\u00e2nia. De atunci, canisa a crescut \u0219i s-a dezvoltat organic, a devenit cunoscut\u0103 pe plan na\u021bional, mul\u021bi din c\u00e2nii n\u0103scu\u021bi \u0219i\/sau crescu\u021bi aici ajung\u00e2nd Campioni Europeni (E.W.), Campioni Rom\u00e2nia Junior (\u201eR.J.Ch.\u201d), Campioni Rom\u00e2nia (\u201eR.Ch.\u201d), Campioni Rom\u00e2nia cum Laudae (\u201eR.Ch.C.L.\u201d) \u0219i Campioni Rom\u00e2nia Veterani (\u201eR.V.Ch.\u201d). Mai mult dec\u00e2t at\u00e2t, \u00eencep\u00e2nd cu anul 2019 c\u00e2inii din Canisa de \u021aara B\u00e2rsei au \u00eenceput s\u0103 fie cunoscu\u021bi \u0219i aprecia\u021bi \u0219i \u00een str\u0103in\u0103tate, astfel \u00eenc\u00e2t \u00een prezent mai multe exemplare au plecat s\u0103 reprezinte rasa cu m\u00e2ndrie, devenind membri \u00eendr\u0103gi\u021bi ai unor familii din Suedia \u0219i Polonia \u0219i particip\u00e2nd cu succes la expozi\u021bii canine \u00een \u021b\u0103rile de adop\u021bie. Canisa de \u021aara B\u00e2rsei este membr\u0103 a ASOCIA\u021aIEI CHINOLOGICE COVASNA \u0219i, subsecvent, a ASOCIA\u021aIEI CHINOLOGICE ROM\u00c2NE \u0219i este, de asemenea, membr\u0103 a KLUB F\u00dcR S\u00dcD- UND OSTEUROP\u00c4ISCHE HIRTENHUNDE (KSOH) din Elve\u021bia. Ne propunem s\u0103 continuam munca noastr\u0103 de selec\u021bie \u0219i cre\u0219tere f\u0103cut\u0103 cu toat\u0103 responsabilitatea, s\u0103 respect\u0103m \u0219i s\u0103 cinstim standardul rasei Ciob\u0103nesc Rom\u00e2nesc Corb, astfel \u00eenc\u00e2t s\u0103 contribuim pe c\u00e2t de mult ne st\u0103 \u00een putin\u021b\u0103 at\u00e2t la ob\u021binerea recunoa\u0219terii definitive a acestei rase de c\u0103tre Federa\u021bia Chinologic\u0103 Interna\u021bional\u0103, c\u00e2t \u0219i la a face cunoscut\u0103 c\u00e2t mai multor oameni bucuria de a avea l\u00e2ng\u0103 ei ca prieten credincios un Ciob\u0103nesc Rom\u00e2nesc Corb. Dac\u0103 dori\u021bi s\u0103 afla\u021bi informa\u021bii detaliate despre Ciob\u0103nescul Rom\u00e2nesc Corb sau s\u0103 organiza\u021bi vizite la canis\u0103, v\u0103 st\u0103m cu pl\u0103cere la dispozi\u021bie, sens \u00een care ne pute\u021bi contacta oric\u00e2nd pe adresa de e-mail a canisei: canisadetarabarsei@gmail.com\u00a0.<\/p>","protected":false},"author":1,"featured_media":0,"parent":0,"menu_order":0,"comment_status":"closed","ping_status":"closed","template":"","meta":{"_monsterinsights_skip_tracking":false,"_monsterinsights_sitenote_active":false,"_monsterinsights_sitenote_note":"","_monsterinsights_sitenote_category":0,"footnotes":""},"class_list":["post-8","page","type-page","status-publish","hentry"],"aioseo_notices":[],"_links":{"self":[{"href":"https:\/\/ciobanesc-corb.ro\/en\/wp-json\/wp\/v2\/pages\/8","targetHints":{"allow":["GET"]}}],"collection":[{"href":"https:\/\/ciobanesc-corb.ro\/en\/wp-json\/wp\/v2\/pages"}],"about":[{"href":"https:\/\/ciobanesc-corb.ro\/en\/wp-json\/wp\/v2\/types\/page"}],"author":[{"embeddable":true,"href":"https:\/\/ciobanesc-corb.ro\/en\/wp-json\/wp\/v2\/users\/1"}],"replies":[{"embeddable":true,"href":"https:\/\/ciobanesc-corb.ro\/en\/wp-json\/wp\/v2\/comments?post=8"}],"version-history":[{"count":21,"href":"https:\/\/ciobanesc-corb.ro\/en\/wp-json\/wp\/v2\/pages\/8\/revisions"}],"predecessor-version":[{"id":1245,"href":"https:\/\/ciobanesc-corb.ro\/en\/wp-json\/wp\/v2\/pages\/8\/revisions\/1245"}],"wp:attachment":[{"href":"https:\/\/ciobanesc-corb.ro\/en\/wp-json\/wp\/v2\/media?parent=8"}],"curies":[{"name":"wp","href":"https:\/\/api.w.org\/{rel}","templated":true}]}}