{"id":665,"date":"2021-08-26T16:51:07","date_gmt":"2021-08-26T16:51:07","guid":{"rendered":"https:\/\/ciobanesc-corb.ro\/?page_id=665"},"modified":"2021-08-26T17:05:21","modified_gmt":"2021-08-26T17:05:21","slug":"termeni-si-conditii","status":"publish","type":"page","link":"https:\/\/ciobanesc-corb.ro\/en\/termeni-si-conditii\/","title":{"rendered":"Terms and conditions"},"content":{"rendered":"<p><strong>TERMENI \u0218I CONDI\u021aII<\/strong><\/p>\n\n\n\n<p><strong>ciobanesc-corb.ro<\/strong><\/p>\n\n\n\n<p>Bine a\u021bi venit pe website-ul&nbsp;<a href=\"http:\/\/ciobanesc-corb.ro\/en\/\"><strong>ciobanesc-corb.ro<\/strong><\/a>&nbsp;(denumit \u00een continuare &#8222;Site&#8221;)!&nbsp;<\/p>\n\n\n\n<p>Site-ul este destinat prezent\u0103rii c\u00e2inilor \u0219i activit\u0103\u021bii Canisei de \u021aara B\u00e2rsei, dar \u0219i prezent\u0103rii rasei de c\u00e2ini Ciob\u0103nesc Rom\u00e2nesc Corb \u0219i a evenimentelor \u0219i nout\u0103\u021bilor legate de aceast\u0103 ras\u0103, precum \u0219i a unor \u0219tiri privind lumea chinologic\u0103 rom\u00e2n\u0103 \u0219i str\u0103in\u0103.<\/p>\n\n\n\n<p>V\u0103 rug\u0103m s\u0103 citi\u021bi cu aten\u021bie ace\u0219ti Termeni \u0219i Condi\u021bii \u00eenainte de a folosi Site-ul.&nbsp;<\/p>\n\n\n\n<p><strong>1. PREVEDERI GENERALE<\/strong><\/p>\n\n\n\n<p>Con\u021binutul \u0219i designul Site-ului apar\u021bin \u00een exclusivitate titularului Ciprian Asavei, cu adresa \u00een Str.&nbsp;Pescarilor nr.1121bis, sat Podu Oltului, com. H\u0103rman, jud.Bra\u0219ov, Rom\u00e2nia, e-mail:&nbsp;<a>canisadetarabarsei@gmail.com<\/a>,&nbsp;\u0219i sunt protejate de legisla\u021bia privind proprietatea intelectual\u0103.<\/p>\n\n\n\n<p><strong>2. ACCEPTAREA TERMENILOR \u0218I A CONDI\u021aIILOR. FOR\u021aA OBLIGATORIE A CONTRACTULUI.<\/strong><\/p>\n\n\n\n<p>Clauzele urm\u0103toare stabilesc termenii \u0219i condi\u021biile utiliz\u0103rii de c\u0103tre dumneavoastr\u0103 a materialelor \u0219i informa\u021biilor care alc\u0103tuiesc sau sunt prezente pe Site.&nbsp;<strong>Accesarea Site-ului presupune acceptarea necondi\u021bionat\u0103 \u0219i integral\u0103 a prezentului document. Daca nu dori\u021bi sa accepta\u021bi ace\u0219ti termeni si condi\u021bii, v\u0103 rug\u0103m s\u0103 nu vizita\u021bi Site-ul nostru \u0219i s\u0103 nu naviga\u021bi pe acesta<\/strong>. \u00cen cazul \u00een care ave\u021bi \u00eentreb\u0103ri despre activitatea noastr\u0103 \u0219i nu dori\u021bi sa naviga\u021bi pe Site ne pute\u021bi contacta la datele de contact men\u021bionate mai sus.<\/p>\n\n\n\n<p><strong>3. DEFIN\u021aII<\/strong><\/p>\n\n\n\n<p>\u00cen prezentul document urm\u0103torii termeni au semnifica\u021bia men\u021bionat\u0103 mai jos:<\/p>\n\n\n\n<p><strong>\u201cSite<\/strong>\u201d se refer\u0103 la website-ul&nbsp;<a href=\"http:\/\/ciobanesc-corb.ro\/en\/\"><strong>ciobanesc-corb.ro<\/strong><\/a>, al c\u0103rui titular este dl Ciprian Asavei.<\/p>\n\n\n\n<p><strong>\u201cUtilizator\u201d<\/strong>&nbsp;se refer\u0103 laorice persoan\u0103 care acceseaz\u0103 Site-ul, indiferent de motiv.<\/p>\n\n\n\n<p><strong>\u201eCon\u021binut\u201d<\/strong>&nbsp;se&nbsp;refer\u0103&nbsp;la: (i) toate informa\u021biile de pe Site care pot fi vizitate, vizualizate sau altfel accesate prin utilizarea unui echipament digital;&nbsp;(ii)&nbsp;con\u021binutul oric\u0103rui e-mail sau mesaj trimis utilizatorilor s\u0103i de c\u0103tre Site&nbsp;prin mijloace electronice \u0219i\/sau orice alt mijloc de comunicare disponibil.<\/p>\n\n\n\n<p><strong>&nbsp;\u201cDate cu caracter personal\u201d<\/strong>&nbsp;se&nbsp;refer\u0103&nbsp;la&nbsp;orice informa\u021bii privind o persoan\u0103 fizic\u0103 identificat\u0103 sau identificabil\u0103 (\u201epersoana vizata\u201d); o persoan\u0103 fizic\u0103 identificabil\u0103 este o persoan\u0103 care poate fi identificat\u0103, direct sau indirect, \u00een special prin referire la un element de identificare, cum ar fi un nume, un num\u0103r de identificare, date de localizare, un identificator online, sau la unul sau mai multe elemente specifice, proprii identit\u0103\u021bii sale fizice, fiziologice, genetice, psihice, economice, culturale sau sociale.<\/p>\n\n\n\n<p><strong>4. CON\u021aINUTUL SITE-ULUI&nbsp;<\/strong><\/p>\n\n\n\n<p>Conceptul, structura \u0219i materialele (inclusiv imagini, statice \u0219i dinamice, \u00eenregistr\u0103ri audio-video \u0219i textele) de pe Site sunt obiect al propriet\u0103\u021bii intelectuale, inclusiv al protec\u021biei prin drepturi de autor, drepturi conexe dreptului de autor \u0219i drepturi sui-generis asupra bazelor de date, cu excep\u021bia cazului \u00een care se indic\u0103 altfel. Nu pute\u021bi reproduce, total sau par\u021bial, \u0219i nici folosi \u00een vreo alt\u0103 modalitate, indiferent dac\u0103 \u00een scop comercial sau privat, con\u021binutul Site-ului, \u00een niciun fel, dec\u00e2t cu permisiunea prealabil\u0103 scris\u0103 a&nbsp;titularului Site-ului. \u00cenc\u0103lcarea prezentei interdic\u021bii atrage r\u0103spunderea conform legilor \u00een vigoare.<\/p>\n\n\n\n<p>Con\u021binutul, astfel cum este definit, incluz\u00e2nd dar nelimit\u00e2ndu-se la logo-uri, reprezent\u0103ri, simboluri, fotografii, clipuri video, imagini statice, imagini dinamice, text \u0219i\/sau con\u021binut multimedia prezentate pe site sunt proprietatea exclusiv\u0103 a titularului Site-ului (sau sunt utilizare si\/sau publicate de acesta cu acordul titularului dreptului de proprietate intelectuala),&nbsp;acestuia fiindu-i rezervate toate drepturile ob\u021binute \u00een acest sens, \u00een mod direct sau indirect (prin licen\u021be de utilizare si\/sau publicare).&nbsp;Utilizatorilor nu le este permis\u0103 copierea, indiferent de suport, distribuirea, comunicarea public\u0103, inclusiv punerea la dispozi\u021bia publicului, publicarea, transferul c\u0103tre ter\u021be p\u0103r\u021bi, modificarea \u0219i\/sau alterarea \u00een alt mod, utilizarea, expunerea, includerea oric\u0103rui con\u021binut \u00een orice alt context dec\u00e2t cel original \u0219i nicio alt\u0103 modalitate de p\u0103strare sau utilizare.&nbsp;<\/p>\n\n\n\n<p>Titlularul Site-ului&nbsp;\u00ee\u0219i rezerv\u0103, printre altele, urm\u0103toarele drepturi: (i) s\u0103 completeze \u0219i s\u0103 modifice oric\u00e2nd orice informa\u021bie de pe Site; (ii) s\u0103&nbsp;corecteze eventuale omisiuni sau erori \u00een afi\u0219are care pot surveni \u00een urma unor gre\u0219eli de dactilografiere, lipsa de acurate\u021be sau erori ale produselor software, f\u0103r\u0103 a anun\u021ba \u00een prealabil.&nbsp;<\/p>\n\n\n\n<p><strong>5. ACCES&nbsp;<\/strong><\/p>\n\n\n\n<p>Accesul \u00een Site&nbsp;este liber \u0219i nu necesit\u0103 configurarea unui cont de utilizator.&nbsp;<\/p>\n\n\n\n<p>R\u0103spunderea pentru corectitudinea datelor (\u0219i ob\u021binerea acordului anterior informat de dezv\u0103luire al persoanei vizate, acolo unde este cazul) apar\u021bine Utilizatorului atunci c\u00e2nd adreseaz\u0103 o coresponden\u021b\u0103 c\u0103tre titularul Site-ului.&nbsp;<\/p>\n\n\n\n<p>Titularul Site-ului&nbsp;poate, f\u0103r\u0103 orice alt\u0103 notificare sau formalitate \u0219i f\u0103r\u0103 ca acest lucru s\u0103 necesite justificarea atitudinii sale, s\u0103 suspende sau s\u0103 interzic\u0103 accesul dumneavoastr\u0103 la con\u021binutul Site-ului sau doar la o parte a acestui con\u021binut. \u00cen cazul \u00een care administratorii Site-ului v\u0103 vor interzice accesul, nu ve\u021bi fi \u00eendrept\u0103\u021bit la primirea niciunei desp\u0103gubiri.<\/p>\n\n\n\n<p><strong>6. PARTENERI<\/strong><\/p>\n\n\n\n<p>Utilizatorul se poate adresa reprezentantului m\u0103rcii\/logoului, respectiv produc\u0103torului produsului vizat, cu privire la orice diverse produse prezentate, cu privire la autenticitatea m\u0103rcii\/logo-ului, ca \u0219i pentru orice alte nel\u0103muriri referitoare la un anumit produs\/marc\u0103\/logo care pot fi men\u021bionate pe Site.<\/p>\n\n\n\n<p>&nbsp;<br><strong>7. COPYRIGHT<\/strong><\/p>\n\n\n\n<p>Cu excep\u021bia logo-urilor asocia\u021biilor \u0219i cluburilor chinologice men\u021bionate \u00een Site sau a logourilor organiza\u021biilor de pres\u0103 de pe site-ul c\u0103rora au fost preluate unele informa\u021bii\/clipuri video\/foto, con\u021binutul Site-ului&nbsp;\u2013&nbsp;logo-uri, reprezent\u0103ri stilizate, simboluri comerciale, fotografii, clipuri video, imagini statice, imagini dinamice, text \u0219i\/sau con\u021binut multimedia,elemente de grafic\u0103 WEB, scripturi, programe&nbsp;precum \u0219i orice alte elemente \u00eencorpor\u00e2nd drepturi de proprietate intelectual\u0103&nbsp;\u0219i\/sau alte date \u2013 este proprietatea titularului Site-ului (unele elemente apar\u021bin titularilor m\u0103rcilor) \u0219i este ap\u0103rat de legea pentru protec\u021bia propriet\u0103\u021bii intelectuale.&nbsp;A\u0219adar, folosirea, total\u0103 sau par\u021bial\u0103, \u00een orice modalitate, fie \u00een scopuri comerciale ori private, f\u0103r\u0103 acordul&nbsp;titularului Site-ului&nbsp;sau al titularului dreptului de proprietate intelectual\u0103, a oric\u0103ruia dintre elementele enumerate mai sus se pedepse\u0219te conform legilor \u00een vigoare.<\/p>\n\n\n\n<p>&nbsp;<br><strong>8. LEG\u0102TURI<\/strong><\/p>\n\n\n\n<p>Site-ul&nbsp;poate&nbsp;g\u0103zdui leg\u0103turi (link-uri) c\u0103tre alte site-uri World Wide Web sau alte resurse. R\u0103spunderea pentru aceste site-uri o poart\u0103 \u00een \u00eentregime proprietarii acestora.&nbsp;Titularul Site-ului&nbsp;nu \u00ee\u0219i asum\u0103 responsabilitatea pentru nicio pagub\u0103 sau pierdere cauzat\u0103 sau presupus\u0103 a fi cauzat\u0103 de informa\u021biile furnizate de site-urile sau resursele spre care trimit aceste link-uri.<\/p>\n\n\n\n<p><strong>9. TRATAMENTUL DATELOR CU CARACTER PERSONAL<\/strong><\/p>\n\n\n\n<p>Site-ul nu colecteaz\u0103 date cu caracter personal. \u00cen cazul \u00een care ve\u021bi contacta titularul Site-ului la datele de contact furnizate pe Site, aceasta va avea loc la ini\u021biativa dumneavoastr\u0103, av\u00e2nd caracter de coresponden\u021b\u0103 privat\u0103, domestic\u0103, \u00eentre p\u0103r\u021bi, dumneavoastr\u0103 purt\u00e2nd \u00eentreaga r\u0103spundere pentru corectitudinea datelor furnizate.<\/p>\n\n\n\n<p><strong>10. FRAUDA<\/strong><\/p>\n\n\n\n<p>ORICE \u00ceNCERCARE DE A ACCESA DATELE PERSONALE ALE ALTUI UTILIZATOR, DE A MODIFICA CON\u021aINUTUL SITE-ULUI&nbsp;SAU DE A AFECTA FUNC\u021aIONAREA ORIC\u0102RUI SERVER SAU RESURS\u0102 CARE G\u0102ZDUIE\u0218TE SITE-UL SAU ESTE FOLOSIT\u0102 PENTRU FUNC\u021aIONAREA SA ORI AFI\u0218AREA SA CORESPUNZ\u0102TOARE VA FI CONSIDERAT\u0102 O TENTATIV\u0102 DE FRAUDARE A ACESTORA \u0218I VA PUTEA AVEA DREPT CONSECIN\u021a\u0102 ATRAGEREA R\u0102SPUNDERII AUTORULUI SAU AUTORILOR ACESTOR FAPTE.<\/p>\n\n\n\n<p><strong>11. LEGEA APLICABIL\u0102<\/strong><\/p>\n\n\n\n<p>Prezentul document este supus legisla\u021biei rom\u00e2ne \u0219i orice dispute \u0219i litigii generate \u00een leg\u0103tur\u0103 cu acesta sunt de competen\u021ba instan\u021belor judec\u0103tore\u0219ti de la domiciliul titularului Site-ului.<\/p>\n\n\n\n<p><strong>\u00ceN CAZUL \u00ceN CARE NU SUNTE\u021aI DE ACORD CU ACE\u0218TI TERMENI \u0218I CONDI\u021aII, V\u0102 SOLICIT\u0102M S\u0102 NU FOLOSI\u021aI SITE-UL NOSTRU&nbsp;<\/strong><strong>\u0218I S\u0102 \u00ceNCHIDE\u021aI DE \u00ceNDAT\u0102 PAGINA DE WEB ciobanesc-corb.ro.<\/strong><strong><\/strong><\/p>","protected":false},"excerpt":{"rendered":"<p>TERMENI \u0218I CONDI\u021aII ciobanesc-corb.ro Bine a\u021bi venit pe website-ul&nbsp;ciobanesc-corb.ro&nbsp;(denumit \u00een continuare &#8222;Site&#8221;)!&nbsp; Site-ul este destinat prezent\u0103rii c\u00e2inilor \u0219i activit\u0103\u021bii Canisei de \u021aara B\u00e2rsei, dar \u0219i prezent\u0103rii rasei de c\u00e2ini Ciob\u0103nesc Rom\u00e2nesc Corb \u0219i a evenimentelor \u0219i nout\u0103\u021bilor legate de aceast\u0103 ras\u0103, precum \u0219i a unor \u0219tiri privind lumea chinologic\u0103 rom\u00e2n\u0103 \u0219i str\u0103in\u0103. V\u0103 rug\u0103m s\u0103 citi\u021bi cu aten\u021bie ace\u0219ti Termeni \u0219i Condi\u021bii \u00eenainte de a folosi Site-ul.&nbsp; 1. PREVEDERI GENERALE Con\u021binutul \u0219i designul Site-ului apar\u021bin \u00een exclusivitate titularului Ciprian Asavei, cu adresa \u00een Str.&nbsp;Pescarilor nr.1121bis, sat Podu Oltului, com. H\u0103rman, jud.Bra\u0219ov, Rom\u00e2nia, e-mail:&nbsp;canisadetarabarsei@gmail.com,&nbsp;\u0219i sunt protejate de legisla\u021bia privind proprietatea intelectual\u0103. 2. ACCEPTAREA TERMENILOR \u0218I A CONDI\u021aIILOR. FOR\u021aA OBLIGATORIE A CONTRACTULUI. Clauzele urm\u0103toare stabilesc termenii \u0219i condi\u021biile utiliz\u0103rii de c\u0103tre dumneavoastr\u0103 a materialelor \u0219i informa\u021biilor care alc\u0103tuiesc sau sunt prezente pe Site.&nbsp;Accesarea Site-ului presupune acceptarea necondi\u021bionat\u0103 \u0219i integral\u0103 a prezentului document. Daca nu dori\u021bi sa accepta\u021bi ace\u0219ti termeni si condi\u021bii, v\u0103 rug\u0103m s\u0103 nu vizita\u021bi Site-ul nostru \u0219i s\u0103 nu naviga\u021bi pe acesta. \u00cen cazul \u00een care ave\u021bi \u00eentreb\u0103ri despre activitatea noastr\u0103 \u0219i nu dori\u021bi sa naviga\u021bi pe Site ne pute\u021bi contacta la datele de contact men\u021bionate mai sus. 3. DEFIN\u021aII \u00cen prezentul document urm\u0103torii termeni au semnifica\u021bia men\u021bionat\u0103 mai jos: \u201cSite\u201d se refer\u0103 la website-ul&nbsp;ciobanesc-corb.ro, al c\u0103rui titular este dl Ciprian Asavei. \u201cUtilizator\u201d&nbsp;se refer\u0103 laorice persoan\u0103 care acceseaz\u0103 Site-ul, indiferent de motiv. \u201eCon\u021binut\u201d&nbsp;se&nbsp;refer\u0103&nbsp;la: (i) toate informa\u021biile de pe Site care pot fi vizitate, vizualizate sau altfel accesate prin utilizarea unui echipament digital;&nbsp;(ii)&nbsp;con\u021binutul oric\u0103rui e-mail sau mesaj trimis utilizatorilor s\u0103i de c\u0103tre Site&nbsp;prin mijloace electronice \u0219i\/sau orice alt mijloc de comunicare disponibil. &nbsp;\u201cDate cu caracter personal\u201d&nbsp;se&nbsp;refer\u0103&nbsp;la&nbsp;orice informa\u021bii privind o persoan\u0103 fizic\u0103 identificat\u0103 sau identificabil\u0103 (\u201epersoana vizata\u201d); o persoan\u0103 fizic\u0103 identificabil\u0103 este o persoan\u0103 care poate fi identificat\u0103, direct sau indirect, \u00een special prin referire la un element de identificare, cum ar fi un nume, un num\u0103r de identificare, date de localizare, un identificator online, sau la unul sau mai multe elemente specifice, proprii identit\u0103\u021bii sale fizice, fiziologice, genetice, psihice, economice, culturale sau sociale. 4. CON\u021aINUTUL SITE-ULUI&nbsp; Conceptul, structura \u0219i materialele (inclusiv imagini, statice \u0219i dinamice, \u00eenregistr\u0103ri audio-video \u0219i textele) de pe Site sunt obiect al propriet\u0103\u021bii intelectuale, inclusiv al protec\u021biei prin drepturi de autor, drepturi conexe dreptului de autor \u0219i drepturi sui-generis asupra bazelor de date, cu excep\u021bia cazului \u00een care se indic\u0103 altfel. Nu pute\u021bi reproduce, total sau par\u021bial, \u0219i nici folosi \u00een vreo alt\u0103 modalitate, indiferent dac\u0103 \u00een scop comercial sau privat, con\u021binutul Site-ului, \u00een niciun fel, dec\u00e2t cu permisiunea prealabil\u0103 scris\u0103 a&nbsp;titularului Site-ului. \u00cenc\u0103lcarea prezentei interdic\u021bii atrage r\u0103spunderea conform legilor \u00een vigoare. Con\u021binutul, astfel cum este definit, incluz\u00e2nd dar nelimit\u00e2ndu-se la logo-uri, reprezent\u0103ri, simboluri, fotografii, clipuri video, imagini statice, imagini dinamice, text \u0219i\/sau con\u021binut multimedia prezentate pe site sunt proprietatea exclusiv\u0103 a titularului Site-ului (sau sunt utilizare si\/sau publicate de acesta cu acordul titularului dreptului de proprietate intelectuala),&nbsp;acestuia fiindu-i rezervate toate drepturile ob\u021binute \u00een acest sens, \u00een mod direct sau indirect (prin licen\u021be de utilizare si\/sau publicare).&nbsp;Utilizatorilor nu le este permis\u0103 copierea, indiferent de suport, distribuirea, comunicarea public\u0103, inclusiv punerea la dispozi\u021bia publicului, publicarea, transferul c\u0103tre ter\u021be p\u0103r\u021bi, modificarea \u0219i\/sau alterarea \u00een alt mod, utilizarea, expunerea, includerea oric\u0103rui con\u021binut \u00een orice alt context dec\u00e2t cel original \u0219i nicio alt\u0103 modalitate de p\u0103strare sau utilizare.&nbsp; Titlularul Site-ului&nbsp;\u00ee\u0219i rezerv\u0103, printre altele, urm\u0103toarele drepturi: (i) s\u0103 completeze \u0219i s\u0103 modifice oric\u00e2nd orice informa\u021bie de pe Site; (ii) s\u0103&nbsp;corecteze eventuale omisiuni sau erori \u00een afi\u0219are care pot surveni \u00een urma unor gre\u0219eli de dactilografiere, lipsa de acurate\u021be sau erori ale produselor software, f\u0103r\u0103 a anun\u021ba \u00een prealabil.&nbsp; 5. ACCES&nbsp; Accesul \u00een Site&nbsp;este liber \u0219i nu necesit\u0103 configurarea unui cont de utilizator.&nbsp; R\u0103spunderea pentru corectitudinea datelor (\u0219i ob\u021binerea acordului anterior informat de dezv\u0103luire al persoanei vizate, acolo unde este cazul) apar\u021bine Utilizatorului atunci c\u00e2nd adreseaz\u0103 o coresponden\u021b\u0103 c\u0103tre titularul Site-ului.&nbsp; Titularul Site-ului&nbsp;poate, f\u0103r\u0103 orice alt\u0103 notificare sau formalitate \u0219i f\u0103r\u0103 ca acest lucru s\u0103 necesite justificarea atitudinii sale, s\u0103 suspende sau s\u0103 interzic\u0103 accesul dumneavoastr\u0103 la con\u021binutul Site-ului sau doar la o parte a acestui con\u021binut. \u00cen cazul \u00een care administratorii Site-ului v\u0103 vor interzice accesul, nu ve\u021bi fi \u00eendrept\u0103\u021bit la primirea niciunei desp\u0103gubiri. 6. PARTENERI Utilizatorul se poate adresa reprezentantului m\u0103rcii\/logoului, respectiv produc\u0103torului produsului vizat, cu privire la orice diverse produse prezentate, cu privire la autenticitatea m\u0103rcii\/logo-ului, ca \u0219i pentru orice alte nel\u0103muriri referitoare la un anumit produs\/marc\u0103\/logo care pot fi men\u021bionate pe Site. &nbsp;7. COPYRIGHT Cu excep\u021bia logo-urilor asocia\u021biilor \u0219i cluburilor chinologice men\u021bionate \u00een Site sau a logourilor organiza\u021biilor de pres\u0103 de pe site-ul c\u0103rora au fost preluate unele informa\u021bii\/clipuri video\/foto, con\u021binutul Site-ului&nbsp;\u2013&nbsp;logo-uri, reprezent\u0103ri stilizate, simboluri comerciale, fotografii, clipuri video, imagini statice, imagini dinamice, text \u0219i\/sau con\u021binut multimedia,elemente de grafic\u0103 WEB, scripturi, programe&nbsp;precum \u0219i orice alte elemente \u00eencorpor\u00e2nd drepturi de proprietate intelectual\u0103&nbsp;\u0219i\/sau alte date \u2013 este proprietatea titularului Site-ului (unele elemente apar\u021bin titularilor m\u0103rcilor) \u0219i este ap\u0103rat de legea pentru protec\u021bia propriet\u0103\u021bii intelectuale.&nbsp;A\u0219adar, folosirea, total\u0103 sau par\u021bial\u0103, \u00een orice modalitate, fie \u00een scopuri comerciale ori private, f\u0103r\u0103 acordul&nbsp;titularului Site-ului&nbsp;sau al titularului dreptului de proprietate intelectual\u0103, a oric\u0103ruia dintre elementele enumerate mai sus se pedepse\u0219te conform legilor \u00een vigoare. &nbsp;8. LEG\u0102TURI Site-ul&nbsp;poate&nbsp;g\u0103zdui leg\u0103turi (link-uri) c\u0103tre alte site-uri World Wide Web sau alte resurse. R\u0103spunderea pentru aceste site-uri o poart\u0103 \u00een \u00eentregime proprietarii acestora.&nbsp;Titularul Site-ului&nbsp;nu \u00ee\u0219i asum\u0103 responsabilitatea pentru nicio pagub\u0103 sau pierdere cauzat\u0103 sau presupus\u0103 a fi cauzat\u0103 de informa\u021biile furnizate de site-urile sau resursele spre care trimit aceste link-uri. 9. TRATAMENTUL DATELOR CU CARACTER PERSONAL Site-ul nu colecteaz\u0103 date cu caracter personal. \u00cen cazul \u00een care ve\u021bi contacta titularul Site-ului la datele de contact furnizate pe Site, aceasta va avea loc la ini\u021biativa dumneavoastr\u0103, av\u00e2nd caracter de coresponden\u021b\u0103 privat\u0103, domestic\u0103, \u00eentre p\u0103r\u021bi, dumneavoastr\u0103 purt\u00e2nd \u00eentreaga r\u0103spundere pentru corectitudinea datelor furnizate. 10. FRAUDA ORICE \u00ceNCERCARE DE A ACCESA DATELE PERSONALE ALE ALTUI UTILIZATOR, DE A MODIFICA CON\u021aINUTUL SITE-ULUI&nbsp;SAU DE A AFECTA FUNC\u021aIONAREA ORIC\u0102RUI SERVER SAU RESURS\u0102 CARE G\u0102ZDUIE\u0218TE SITE-UL SAU ESTE FOLOSIT\u0102 PENTRU FUNC\u021aIONAREA SA ORI AFI\u0218AREA SA CORESPUNZ\u0102TOARE VA FI CONSIDERAT\u0102 O TENTATIV\u0102 DE FRAUDARE A ACESTORA \u0218I VA PUTEA AVEA DREPT CONSECIN\u021a\u0102 ATRAGEREA R\u0102SPUNDERII AUTORULUI SAU AUTORILOR ACESTOR FAPTE. 11. LEGEA APLICABIL\u0102 Prezentul document este supus legisla\u021biei rom\u00e2ne \u0219i orice dispute \u0219i litigii generate \u00een leg\u0103tur\u0103 cu acesta sunt de competen\u021ba instan\u021belor judec\u0103tore\u0219ti de la domiciliul titularului Site-ului. \u00ceN CAZUL \u00ceN CARE NU SUNTE\u021aI DE ACORD CU ACE\u0218TI TERMENI \u0218I CONDI\u021aII, V\u0102 SOLICIT\u0102M S\u0102 NU FOLOSI\u021aI SITE-UL NOSTRU&nbsp;\u0218I S\u0102 \u00ceNCHIDE\u021aI DE \u00ceNDAT\u0102 PAGINA DE WEB ciobanesc-corb.ro.<\/p>","protected":false},"author":1,"featured_media":0,"parent":0,"menu_order":0,"comment_status":"closed","ping_status":"closed","template":"","meta":{"_monsterinsights_skip_tracking":false,"_monsterinsights_sitenote_active":false,"_monsterinsights_sitenote_note":"","_monsterinsights_sitenote_category":0,"footnotes":""},"class_list":["post-665","page","type-page","status-publish","hentry"],"aioseo_notices":[],"_links":{"self":[{"href":"https:\/\/ciobanesc-corb.ro\/en\/wp-json\/wp\/v2\/pages\/665","targetHints":{"allow":["GET"]}}],"collection":[{"href":"https:\/\/ciobanesc-corb.ro\/en\/wp-json\/wp\/v2\/pages"}],"about":[{"href":"https:\/\/ciobanesc-corb.ro\/en\/wp-json\/wp\/v2\/types\/page"}],"author":[{"embeddable":true,"href":"https:\/\/ciobanesc-corb.ro\/en\/wp-json\/wp\/v2\/users\/1"}],"replies":[{"embeddable":true,"href":"https:\/\/ciobanesc-corb.ro\/en\/wp-json\/wp\/v2\/comments?post=665"}],"version-history":[{"count":2,"href":"https:\/\/ciobanesc-corb.ro\/en\/wp-json\/wp\/v2\/pages\/665\/revisions"}],"predecessor-version":[{"id":674,"href":"https:\/\/ciobanesc-corb.ro\/en\/wp-json\/wp\/v2\/pages\/665\/revisions\/674"}],"wp:attachment":[{"href":"https:\/\/ciobanesc-corb.ro\/en\/wp-json\/wp\/v2\/media?parent=665"}],"curies":[{"name":"wp","href":"https:\/\/api.w.org\/{rel}","templated":true}]}}