{"id":134,"date":"2021-08-01T12:11:54","date_gmt":"2021-08-01T12:11:54","guid":{"rendered":"https:\/\/ciobanesc-corb.ro\/?page_id=134"},"modified":"2021-08-24T05:47:31","modified_gmt":"2021-08-24T05:47:31","slug":"rasa","status":"publish","type":"page","link":"https:\/\/ciobanesc-corb.ro\/en\/rasa\/","title":{"rendered":"The breed"},"content":{"rendered":"<p>Romanian Raven Shepherd Dog - The standard<br><br><span class=\"has-inline-color has-vivid-cyan-blue-color\"><strong>ORIGIN<\/strong>: <\/span><br>Romania<br><br><strong><span class=\"has-inline-color has-vivid-cyan-blue-color\">DATE OF PUBLICATION OF THE ORIGINAL VALID STANDARD:<\/span><\/strong><br><br><span class=\"has-inline-color has-vivid-cyan-blue-color\"><strong>UTILIZATION<\/strong>:<\/span> <br>Shepherd dog for sheep and cattle. Excellent guardian.<br><br><span class=\"has-inline-color has-vivid-cyan-blue-color\"><strong>CLASSIFICATION F.C.I.<\/strong>:<\/span> <br>Group II Pinscher-Schnauzer, Molossoids\nbreeds, Swiss Mountain and Cattle dogs<br>Section 2.2 \u2013 Mountain type Molossoids<br>Without working trial<br><br><strong><span class=\"has-inline-color has-vivid-cyan-blue-color\">BRIEF HISTORICAL SUMMARY<\/span><\/strong>: <br>Romanian Raven Shepherd Dog is a natural\nbreed which was formed in the area of Meridional Carpathian Mountains and in\nthe sub Carpathian regions (Dambovita, Arges, Prahova, and Brasov). In these\nregions, the breed is highly appreciated and successfully used for defending flocks\nand as a watchdog for households. This dog has been known for generations and\ncalled \u201cRaven\u201d because of his predominantly black coat. Although his habitat is\nrelatively limited, due to his qualities the existing population is numerous.<br>The national Standard was written in accordance with the model established by the\n1978 FCI General Assembly in Jerusalem and it was approved by the A.Ch.R.\nDirectory Council on 14.11.2008 and updated on 19.02.2011.<br><br><span class=\"has-inline-color has-vivid-cyan-blue-color\"><strong>GENERAL APPEARENCE<\/strong>:<\/span> <br>Large sized dog, towering, courageous and proud.\nSexual dimorphism is well marked, the males being stronger, larger in size, and\nmore able-bodied than the females. The coat is black or predominantly black,\nmore than 80%, with white marks on the chest and limbs.<br><br><strong><span class=\"has-inline-color has-vivid-cyan-blue-color\">IMPORTANT PROPORTIONS<\/span><\/strong><br>- The ratio between the length of the muzzle and the length of the skull is\nslightly under unit, the muzzle being slightly shorter or almost the same length as\nthe skull.<br>- The length of the body is slightly greater than the height at the withers,\nrectangular in shape.<br>- Scapulo-humeral angulations are moderate (about 100-110 degrees).<br><br><strong><span class=\"has-inline-color has-vivid-cyan-blue-color\">BEHAVIOUR \/ TEMPERAMENT<\/span><\/strong> <br>Balanced, calm with a well developed guardian\ninstinct, perfect<br>subordinate to his masters. It is diffident towards strangers. Very\ngood guardian for livestock, courageous and fighting against predators (bear, wolf).\nHis bark is loud, profound and can be heard from a great distance.<br><br><strong><span class=\"has-inline-color has-vivid-cyan-blue-color\">HEAD<\/span><\/strong><br>Powerful, massive, with well chiseled forms, never ragged or with a\nrepugnant expression. The head is carried proudly above the top line.<br><br><strong><span class=\"has-inline-color has-vivid-cyan-blue-color\">CRANIAL REGION:<\/span><\/strong><br><strong>Skull:<\/strong> Sufficiently wide, square, the length and the width being approximately\nequal. The longitudinal axis of the skull and the muzzle are almost parallel. The\nskull, viewed from the front, is slightly domed; seen from the side, it is almost\nflat;<br>skull width: males 16-18 cm, females 15-17 cm. Zygomatic arches are\nmoderately developed. Occipital protuberance is slightly evident.<br><strong>Stop:<\/strong> Fairly marked.<br><br><strong><span class=\"has-inline-color has-vivid-cyan-blue-color\">FACIAL REGION:<\/span><\/strong><br><strong>Nose:<\/strong> Well developed and broad, black in color<br><strong>Muzzle:<\/strong> Truncated cone shape, with length slightly less than or equal to that of\nthe skull; well developed, narrowing progressively to its extremity, never pointed;\nits width and depth are equal.<br><strong>Lips:<\/strong> Thick, slightly dropped, covering the inferior line of the mandible, strong\npigmentation.<br><strong>Jaws\/teeth:<\/strong> Strong jaws; complete dentition with healthy teeth, well set, white;\nscissor or pincer bite. Reverse scissor bite is allowed.<br><strong>Cheeks:<\/strong> not prominent<br><strong>Eyes:<\/strong> Small in relation to the head; almond shape and set obliquely, amber colour\nfrom light to dark shade. Eyelids well pigmented.<br><strong>Ears:<\/strong> Inserted slightly above the level of the eyes, \u00ab V \u00bb shaped with slightly\nrounded tip, pendent and carried close to cheeks. When pulled forward, the ears\nmust reach the corner of the lips.<br><strong>NECK:<\/strong> Medium length, large and strong, with a little dewlap.<br><strong>BODY:<\/strong> Massive, vigorous.<br><strong>Top line:<\/strong> Horizontal.<br>Withers: highly evident.<br><strong>Back:<\/strong> strong and muscular.<br><strong>Loin:<\/strong> strong and muscular.<br><strong>Croup:<\/strong> Muscular and moderately inclined toward base of tail.<br><strong>Chest:<\/strong> Broad and deep, descending to elbows; well sprung ribs.<br><strong>Underline and Belly:<\/strong> slightly ascendant.<br><strong>TAIL:<\/strong> High set-on. At rest, it is pendent, with the extremity slightly curved in its\nlast third. Long, reaching to or lower than the hock; when the dog is alert or in\naction the tail is raised, surpassing the top line but it never curved on the flanks.<br><strong>LIMBS:<\/strong> strong bones.<br><br><strong><span class=\"has-inline-color has-vivid-cyan-blue-color\">FOREQUARTERS:<\/span><\/strong><br><strong>General appearance:<\/strong> Seen from the side and from the front, the limbs have good\nangulations.<br><strong>Shoulder:<\/strong> Long, strong and oblique, firmly attached to the body, well muscled.\nScapular-humeral angle about 100-110\u00b0.<br><strong>Upper Arm:<\/strong> Moderately long, muscular.<br><strong>Elbow:<\/strong> Close to the body, free movement.<br><strong>Forearm: <\/strong>Strong, not too long.<br><strong>Carpus (Wrist): <\/strong>Strong.<br><strong>Metacarpus (Pastern):<\/strong> Short, seen from the side almost straight.<br><strong>Forefeet:<\/strong> Rounded (cat-like), compact and strong, black or ashen nails.<br><br><strong><span class=\"has-inline-color has-vivid-cyan-blue-color\">HINDQUARTERS:<\/span><\/strong><br><strong>General appearance:<\/strong> Muscular and strong, normal in stance<br>C<strong>Upper Thigh:<\/strong> Medium length, wide, very muscular.<br><strong>Stifle:<\/strong> Femoral-tibia angle is aprox. 110\u00b0.<br><strong>Lower Thigh:<\/strong> Moderately long, muscular.<br><strong>Hock joint: <\/strong>Viewed from the side, wide, moderate. Seen from behind, parallel to median plan of body.<br><strong>Metatarsus (Rear pastern):<\/strong> Strong and upright. The presence of dewclaws should not be penalized.<br><strong>Hind feet:<\/strong> Slightly longer than forefeet, compact and strong, black or ashen nails.<br><strong>GAIT\/MOVEMENT:<\/strong> Harmonious, elastic, well coordinated, giving the impression of effortless power. Preferred gait is the trot.<br><strong>SKIN:<\/strong> Thick, close fitting, dark-ashen pigmentation<br><br><strong><span class=\"has-inline-color has-vivid-cyan-blue-color\">COAT:<\/span><\/strong><br><strong>HAIR:<\/strong> Head and the front part of the legs are covered with short hair. On the\nbody, hair is abundant, long (7-10 cm), flat, straight and rough. Undercoat is\nshorter and dense. At the neck region, hair is much longer forming a mane; on\nthe back side of the forequarters, the hair forms fringes; on the backside of\nhindquarters, the hair is longer and forms culottes. The tail is bushy.<br><strong>COLOUR:<\/strong><br>Coat is always black (like a raven) or black on more than 80% of the body,\nwith white marks on the chest and the forequarters. The white marks on the\nforequarters must not exceed the metacarpal joint level, but could be extended\nalmost to the elbow on the posterior part. Other colours except black are not\nallowed on the white.<br>The presence of white on the tip of the toes of the hind\nfeet is not to be penalised. When two dogs are of almost the same value, that\nwith more black will be preferred. A coat with a reddish tinge, due to prolonged\nexposition to the sun during summer, should not be penalised.<br><br><strong><span class=\"has-inline-color has-vivid-cyan-blue-color\">SIZE AND WEIGHT:<\/span><\/strong><br>Height at withers:<br><strong>Males:<\/strong> 70-80 cm, ideal 75 cm<br><strong>Females:<\/strong> 65-75 cm, ideal 70 cm<br><strong>Weight:<\/strong> In proportion to height.<br><br><strong><span class=\"has-inline-color has-vivid-cyan-blue-color\">FAULTS <\/span><\/strong><\/p>\n\n\n\n<p>Any departure from the foregoing points should be considered a fault\nand the seriousness with which the fault should be regarded should be in exact\nproportion to its degree and its effect on the health and welfare of the dog.<\/p>\n\n\n\n<ul class=\"wp-block-list\"><li>Lack of substance or exaggerated molossoid aspect.<\/li><li>Not sufficient sexual character.<\/li><li>Multiple teeth absence.<\/li><li>Overweight or weak subject.<\/li><li>The dogs with fire points will be removed from reproduction.<\/li><li>Very short hair, shorter than 6 cm.<\/li><li>Tail curled, carried in a ring on the flanks.<\/li><li>Flabby toes, toeing in or out.<\/li><li>Elbows turning out.<\/li><li>Heavy gait.<\/li><\/ul>\n\n\n\n<p><strong><span class=\"has-inline-color has-vivid-cyan-blue-color\">SEVERE FAULTS:<\/span><\/strong><\/p>\n\n\n\n<ul class=\"wp-block-list\"><li>Untypical expression.<\/li><li>Round protruding eyes.<\/li><li>Erect ears.<\/li><li>Top line sagging or dipping.<\/li><li>Hair too short (under 6 cm)<\/li><li>Curly coat or bad texture.<\/li><li>Yellow eyes with wild expression.<\/li><li>Different colour of eyes (heterochromatic).<\/li><li>Cow hocked.<\/li><\/ul>\n\n\n\n<p><strong><span class=\"has-inline-color has-vivid-cyan-blue-color\">DISQUALIFYING FAULTS:<\/span><\/strong><\/p>\n\n\n\n<ul class=\"wp-block-list\"><li>Aggressive or overly shy.<\/li><li>Untypical subject.<\/li><li>Overshot or undershot bite.<\/li><li>Absence of incisors or canines.<\/li><li>White marks covering more than 30% of the body surface.<\/li><li>Other colours than those described by standard.<\/li><li>Absent or atrophic tail.<\/li><li>Height under 65 cm for males.<\/li><li>Height under 62 cm for females.<\/li><\/ul>\n\n\n\n<p>Any dog clearly showing physical or behavioural abnormalities shall be\ndisqualified.<br>N.B. Males should have two testicles, both normally developed and fully\ndescended into the scrotum.<\/p>\n\n\n\n<p><\/p>\n\n\n\n<p><\/p>\n\n\n\n<div class=\"wp-block-file\"><a href=\"https:\/\/ciobanesc-corb.ro\/wp-content\/uploads\/2021\/08\/RomanianRavenShepherdDog-1.pdf\" target=\"_blank\" rel=\"noreferrer noopener\">Romanian Raven Shepherd Dog &#8211; English version from ACHR<\/a><a href=\"https:\/\/ciobanesc-corb.ro\/wp-content\/uploads\/2021\/08\/RomanianRavenShepherdDog-1.pdf\" class=\"wp-block-file__button\" download>Download<\/a><\/div>\n\n\n\n<div class=\"wp-block-file\"><a href=\"https:\/\/ciobanesc-corb.ro\/wp-content\/uploads\/2021\/08\/ChienDeBergerRoumainCorbeau.pdf\" target=\"_blank\" rel=\"noreferrer noopener\">Chien De Berger Roumain Corbeau &#8211; Version fran\u00e7aise<\/a><a href=\"https:\/\/ciobanesc-corb.ro\/wp-content\/uploads\/2021\/08\/ChienDeBergerRoumainCorbeau.pdf\" class=\"wp-block-file__button\" download>Download<\/a><\/div>\n\n\n\n<p><\/p>","protected":false},"excerpt":{"rendered":"<p>Standard Ciob\u0103nesc Rom\u00e2nesc Corb, conform AChR ORIGINE: Rom\u00e2nia DATA PUBLIC\u0102RII STANDARDULUI DE ORIGINE \u00ceN VIGOARE: UTILIZARE: C\u00e2ine ciob\u0103nesc pentru turmele de oi \u015fi pentru bovine. Excelent c\u00e2ine de paz\u0103. CLASIFICARE F.C.I.: Grupa II Pinscher\u00adSchnauzer, Molossoizi, C\u00e2ini de ciread\u0103 \u015fi de munte elve\u0163ieni \u015fi alte raseSec\u0163iunea 2.2 \u2013 Molossoizi, tip montanF\u0103r\u0103 prob\u0103 de lucru SCURT ISTORIC: Ciob\u0103nescul Rom\u00e2nesc Corb este o ras\u0103 natural\u0103 care s-\u00ada format \u00een arealul Carpa\u0163ilor Meridionali \u015fi regiunile subcarpatice (Dambovi\u0163a, Arge\u015f, Prahova, Bra\u015fov). In aceaste regiuni, exemplarele acestei rase sunt foarte apreciate \u015fi utilizate cu mare succes la paza turmelor \u015fi a propriet\u0103\u0163ilor. Acest c\u00e2ine este cunoscut de genera\u0163ii sub denumirea de \u201cCorbi\u201d datorita robei lor de culoare neagra. De\u015fi aria sa de r\u0103sp\u00e2ndire este relativ restr\u00e2nsa, datorit\u0103 calita\u0163ilor sale popula\u0163ia existent\u0103 este numeroas\u0103.Standardul na\u0163ional a fost redactat \u00een conformitate cu modelul stabilit de Adunarea General\u0103 FCI de la Jerusalem \u00een 1987 \u015fi a fost aprobat de Consiliul Director A.Ch.R. la data de 14.11.2008 \u015fi revizuit \u00een data de 19.02.2011. ASPECT GENERAL: De talie mare, impozant, curajos \u015fi m\u00e2ndru. Dimorfism sexual bine marcat, masculii fiind mai puternici, de talie mai mare, mai robu\u015fti dec\u00e2t femelele. Roba sa este neagra, in proportie de cel putin 80% cu marcaje albe pe piept si pe labe. Marcajele albe neav\u00e2nd nici un fel de stropituri. PROPOR\u0162II IMPORTANTE:\u00ad- Raportul \u00eentre lungimea botului \u015fi lungimea craniului este usor subunitar, botul fiind usor mai scurt sau de lungime aproape egal\u0103 cu partea cranian\u0103.\u00ad- Lungimea corpului este u\u015for mai mare dec\u00e2t \u00een\u0103l\u0163imea la greab\u0103n, de forma rectangular\u0103.\u00ad- Angula\u0163ia scapulo\u00adhumeral\u0103 este moderata (cca 100\u00ad-110 grade). COMPORTAMENT \/ CARACTER: Echilibrat, calm cu un instinct de paz\u0103 foarte dezvoltat, perfectsubordonat st\u0103p\u00e2nilor s\u0103i. Este ne\u00eencrez\u0103tor fa\u0163\u0103 de str\u0103ini. Foarte bun c\u00e2ine de paz\u0103 pentru turme, curajos \u015fi combativ \u00een fa\u0163a eventualilor pr\u0103d\u0103tori (urs, lup). L\u0103tratul s\u0103u este puternic, profund \u015fi poate fi auzit de la mare distan\u0163\u0103. CAP:Puternic, masiv, cu forme bine cizelate, niciodat\u0103 col\u0163uros sau cu expresie resping\u0103toare. Cap cu un port m\u00e2ndru, ridicat peste linia spatelui. REGIUNE CRANIAN\u0102:Craniu: Suficient de lat, p\u0103trat, lungimea \u015fi l\u0103\u0163imea aproximativ egale. Axele longitudinale ale craniului \u015fi botului sunt aproape paralele. Craniul, v\u0103zut din fa\u0163\u0103, este u\u015for bombat; v\u0103zut din profil, este aproape plat;l\u0103\u0163imea craniului: la masculi 16-\u00ad18 cm, la femele 15-\u00ad17 cm. Arcadele zigomatice sunt potrivit dezvoltate. Protuberan\u0163a occipital\u0103 este u\u015for marcat\u0103.Stop: Moderat marcat. REGIUNE FACIAL\u0102:Truf\u0103: Bine dezvoltat\u0103 \u015fi lat\u0103, de culoare neagr\u0103.Bot: Tronconic, de lungime u\u015for mai mic\u0103 sau egal\u0103 cu cea a craniului; bine dezvoltat, el se \u00eengusteaz\u0103 progresiv c\u0103tre extremitatea sa dar niciodat\u0103 nu devine ascu\u0163it; l\u0103\u0163imea \u015fi ad\u00e2ncimea acestuia sunt egale.Buze: Groase, u\u015for c\u0103zute, acoperind linia inferioar\u0103 a mandibulei, puternic pigmentate.Maxilare\/din\u0163i: Maxilare puternice; denti\u0163ie complet\u0103 cu din\u0163i s\u0103n\u0103to\u015fi, bine implanta\u0163i, de culoare alb\u0103;mu\u015fc\u0103tur\u0103 \u00een foarfec\u0103 sau cle\u015fte. Mu\u015fc\u0103tura \u00een foarfec\u0103 inversat\u0103 este admis\u0103.Obraji: Nu sunt proeminen\u0163i.Ochi: Sunt mici \u00een raport cu dimensiunile capului; migdala\u0163i \u015fi oblici, de culoarea ambrei de la nuan\u0163e mai deschise la nuan\u0163e \u00eenchise. Pleoapele sunt bine pigmentate.Urechi: Prinse u\u015for mai sus de nivelul ochilor, \u00een form\u0103 de \u00ab V \u00bb, cu extremitatea u\u015for rotunjit\u0103, c\u0103zute \u015fi apropiate de obraji. Intinse, urechile trebuie sa dep\u0103\u015feasc\u0103 comisura buzelor.G\u00c2T: De lungime potrivit\u0103, gros \u015fi puternic, cu o u\u015foar\u0103 salb\u0103.CORP: Masiv, viguros.Linia superioar\u0103: Orizontal\u0103.Greab\u0103n: Puternic marcat.Spate: Bine sus\u0163inut \u015fi foarte musculos.\u015eale: Puternice, foarte musculoase.Crup\u0103: Musculoas\u0103 \u015fi moderat \u00eenclinat\u0103 c\u0103tre baza cozii.Piept: Lat \u015fi \u00eenalt, ating\u00e2nd nivelul coatelor; coastele sunt bine arcuite.Linia inferioar\u0103: U\u015for ridicat\u0103.COAD\u0102: Prins\u0103 destul de \u00eenalt. In repaos, este purtat\u0103 jos, cu extremitatea u\u015for curbat\u0103 \u00een ultima sa treime. Alungit\u0103, atinge punctul jaretului sau coboar\u0103 chiar mai jos; c\u00e2nd c\u00e2inele este atent sau \u00een ac\u0163iune, ea este purtat\u0103 ridicat\u0103, put\u00e2nd dep\u0103\u015fi nivelul spatelui dar nicodata curbat\u0103 pe unul din flancuri.MEMBRE: Cu osatur\u0103 puternic\u0103. MEMBRE ANTERIOARE:Vedere de ansamblu: V\u0103zute din profil \u015fi din fa\u0163\u0103, membrele au aplomburi bune.Umeri: Omopla\u0163i lungi, puternici \u015fi oblici, bine prin\u015fi, foarte musculo\u015fi. Angula\u0163ie scapulo\u00adhumeral\u0103 de circa 100\u00ad-110\u00b0.Bra\u0163: Potrivit de lung \u015fi foarte musculos.Coate: Bine apropiate la corp, se mi\u015fc\u0103 cu u\u015furin\u0163\u0103.Antebra\u0163: Puternic \u015fi nu prea lung.Carp: Solid.Metacarpiene: Scurte, v\u0103zute din profil sunt aproape drepte.Labe anterioare: De form\u0103 rotunjit\u0103 (lab\u0103 de pisic\u0103), compacte \u015fi puternice, cu unghii de culoare neagr\u0103 sau cenu\u015fie. MEMBRE POSTERIOARE:Vedere de ansamblu: Foarte musculoase \u015fi puternice, cu aplomburi bune.Coaps\u0103: Potrivit de lung\u0103, lat\u0103, foarte musculoas\u0103.Graset: Unghiul articula\u0163iei femuro\u00adtibiale este de circa 110\u00b0.Gamb\u0103: De lungime medie, musculoas\u0103.Jaret: V\u0103zut din profil, este lat \u015fi cu o angula\u0163ie potrivit\u0103; v\u0103zut din spate, este situat \u00eentr\u00adun plan paralel cu planul median al corpului.Metatars: Robust \u015fi net, cu aplomb perfect. Prezen\u0163a pintenilor nu trebuie s\u0103 fie penalizat\u0103.Labe posterioare: Foarte u\u015for mai alungite dec\u00e2t cele anterioare, compacte \u015fi puternice, cu unghii de culoare neagr\u0103 sau cenu\u015fie.MI\u015eCARE: Mi\u015fcare regulat\u0103 \u015fi degajat\u0103; v\u0103zute din fa\u0163\u0103 \u015fi din spate, membrele se mi\u015fc\u0103 \u00een linie dreapt\u0103. Trapul de amplitudine medie este mi\u015fcarea preferat\u0103.PIELE: Groas\u0103, bine aplicat\u0103, de culoare cenu\u015fiu\u00ad\u00eenchis\u0103. ROB\u0102:P\u0102R: P\u0103rul este scurt pe cap \u015fi pe fa\u0163a anterioar\u0103 a membrelor. Pe corp, p\u0103rul este abundent, drept, mai gros \u015fi mai dur, ating\u00e2nd o lungime de 7\u00ad10 cm. Subp\u0103rul este mai scurt \u015fi des. Pe g\u00e2t, p\u0103rul este mai lung \u015fi formeaz\u0103 o coam\u0103; pe fa\u0163a posterioar\u0103 a membrelor, p\u0103rul formeaz\u0103 franjuri de lungime moderat\u0103. Coada este stufoas\u0103, fiind acoperit\u0103 de un p\u0103r mai lung si mai gros.CULOARE:Negru sau negru cu marcaje albe.Fondul trebuie s\u0103 fie \u00eentodeauna negru (pana corbului) pe cel pu\u0163in 80% din suprafa\u0163a corpului, cu marcaje albe pe piept \u015fi pe membrele anterioare. Pe membrele anterioare marcajele albe nu trebuie sa depa\u015feasc\u0103 nivelul articula\u0163iei metacarpului, dar pot urca pe partea posterioar\u0103 p\u00e2n\u0103 aproape de cot. Nu se admit stropituri de alte nuan\u0163e, dec\u00e2t negru pe fondul alb.Prezen\u0163a albului pe v\u00e2rful labelor posterioare nu se penalizeaz\u0103. La valoare aproximativ egal\u0103 exemplarele cu mai mult negru vor fi preferate. Roba cu tente ro\u015fcate, datorat\u0103 expunerii prelungite la soare din timpul verii, nu se va penaliza. TALIE \u015eI GREUTATE:\u00cen\u0103l\u0163ime la greab\u0103n:Masculi: 70-\u00ad80 cm, ideal 75 cmFemele: 65-\u00ad75 cm, ideal 70 cmGreutate: \u00cen raport cu talia. DEFECTE : Orice abatere fa\u0163\u00e3 de cele de mai sus constituie un defect care se va penaliza \u00een func\u0163ie de gravitatea abaterii respective ce afecteaz\u0103 starea de s\u0103n\u0103tate \u015fi bun\u0103starea c\u00e2inelui. Constitu\u0163ie fin\u0103 sau aspect exagerat molossoid. Caractere sexuale insuficient marcate. Lipsuri dentare multiple. Exemplare obeze sau f\u0103r\u0103 vigoare. Exemplarele cu puncte de foc vor fi eliminate de la reproduc\u0163ie. P\u0103r foarte scurt, mai scurt de 6 cm. Coad\u0103 rulat\u0103, \u00een form\u0103 de inel, purtat\u0103 pe flanc. Labe deschise, r\u0103sucite spre exterior sau interior. Coate deviate spre exterior. Mi\u015fcare greoaie. DEFECTE GRAVE: Expresie str\u0103in\u0103 rasei. Ochi rotunzi, proeminen\u0163i. Urechi drepte. Linie superioar\u0103 \u00een\u015feuat\u0103 sau prea lung\u0103. P\u0103r foarte scurt. P\u0103r buclat sau de alt\u0103 textur\u0103 dec\u00e2t cea prev\u0103zut\u0103 de standard. Ochi galbeni cu expresie de pas\u0103re de prad\u0103.. Heterocromie ocular\u0103 (ceac\u00e2r). Jare\u0163i de vac\u0103. DEFECTE ELIMINATORII: Agresiv sau fricos. Subiect atipic. Prognatism superior sau inferior. Absen\u0163a incisivilor sau caninilor. Marcaje albe de peste 30% pe suprafa\u0163a corpului. Alte culori dec\u00e2t cele descrise \u00een standard. Coad\u0103 absent\u0103 sau atrofiat\u0103. Talie sub 65 cm la masculi. Talie sub 62 cm la femele. Orice c\u00e2ine care prezint\u0103 \u00een mod evident anomalii de ordin fizic sau comportamental va fi descalificat.N.B. : Masculii trebuie s\u0103 aib\u0103 dou\u0103 testicule cu aspect normal, complet cobor\u00e2te \u00een scrot.<\/p>","protected":false},"author":1,"featured_media":0,"parent":0,"menu_order":0,"comment_status":"closed","ping_status":"closed","template":"","meta":{"_monsterinsights_skip_tracking":false,"_monsterinsights_sitenote_active":false,"_monsterinsights_sitenote_note":"","_monsterinsights_sitenote_category":0,"footnotes":""},"class_list":["post-134","page","type-page","status-publish","hentry"],"aioseo_notices":[],"_links":{"self":[{"href":"https:\/\/ciobanesc-corb.ro\/en\/wp-json\/wp\/v2\/pages\/134","targetHints":{"allow":["GET"]}}],"collection":[{"href":"https:\/\/ciobanesc-corb.ro\/en\/wp-json\/wp\/v2\/pages"}],"about":[{"href":"https:\/\/ciobanesc-corb.ro\/en\/wp-json\/wp\/v2\/types\/page"}],"author":[{"embeddable":true,"href":"https:\/\/ciobanesc-corb.ro\/en\/wp-json\/wp\/v2\/users\/1"}],"replies":[{"embeddable":true,"href":"https:\/\/ciobanesc-corb.ro\/en\/wp-json\/wp\/v2\/comments?post=134"}],"version-history":[{"count":22,"href":"https:\/\/ciobanesc-corb.ro\/en\/wp-json\/wp\/v2\/pages\/134\/revisions"}],"predecessor-version":[{"id":597,"href":"https:\/\/ciobanesc-corb.ro\/en\/wp-json\/wp\/v2\/pages\/134\/revisions\/597"}],"wp:attachment":[{"href":"https:\/\/ciobanesc-corb.ro\/en\/wp-json\/wp\/v2\/media?parent=134"}],"curies":[{"name":"wp","href":"https:\/\/api.w.org\/{rel}","templated":true}]}}